{"id":18,"date":"2020-07-15T16:23:31","date_gmt":"2020-07-15T16:23:31","guid":{"rendered":"https:\/\/talentovit.mx\/Blog\/services\/"},"modified":"2024-09-25T12:52:10","modified_gmt":"2024-09-25T18:52:10","slug":"services","status":"publish","type":"page","link":"https:\/\/talentovit.mx\/Blog\/services\/","title":{"rendered":"Conoce Talento VIT"},"content":{"rendered":"\n<p class=\"has-text-color has-large-font-size\" style=\"color:#ffbf00\"><strong>Bienvenido a la evoluci\u00f3n de tu organizaci\u00f3n a trav\u00e9s del talento<\/strong><\/p>\n\n\n\n<p class=\"has-white-color has-text-color\">La clave del \u00e9xito radica en contar con el talento adecuado. En VIT, adem\u00e1s de entender la importancia del talento, lo convertimos en el motor que impulsa el crecimiento de tu empresa. Con m\u00e1s de una d\u00e9cada marcando el camino, en Talento VIT hemos perfeccionado el arte de identificar y atraer a los profesionales m\u00e1s destacados. Nuestra experiencia garantiza que encuentres talento que no solo cumpla con los requisitos del puesto, sino que tambi\u00e9n impulse la excelencia en tu organizaci\u00f3n<\/p>\n\n\n\n<div class=\"wp-block-columns is-layout-flex wp-container-core-columns-is-layout-9d6595d7 wp-block-columns-is-layout-flex\">\n<div class=\"wp-block-column is-layout-flow wp-block-column-is-layout-flow\">\n<h3 class=\"wp-block-heading has-primary-color has-text-color has-background\" style=\"background-color:#204641\"><strong>\u00bfEn qu\u00e9 consiste?<\/strong><\/h3>\n\n\n\n<p class=\"has-white-color has-text-color has-background\" style=\"background-color:#204641\"><strong>Atenci\u00f3n consultiva y centralizada: <\/strong>Brindamos a nuestros clientes un punto de contacto \u00fanico para todas sus necesidades de reclutamiento, Simplificando el proceso y proporcionando una experiencia sin fisuras y personalizada.<\/p>\n\n\n\n<p class=\"has-white-color has-text-color has-background\" style=\"background-color:#204641\"><strong>Personalizaci\u00f3n estrat\u00e9gica:<\/strong> Personalizamos nuestros servicios para alinearnos con las estrategias de negocio, cultura y resultados de cada cliente. Asegur\u00e1ndonos que cada candidato propuesto no solo cumpla con los requisitos del puesto, sino que tambi\u00e9n encaje perfectamente con la visi\u00f3n y los objetivos de tu empresa.<\/p>\n\n\n\n<p class=\"has-white-color has-text-color has-background\" style=\"background-color:#204641\"><strong>Alta asertividad en la entrega de candidatos:<\/strong>  Contamos con un proceso detallado de entendimiento que aumenta el porcentaje de asertividad en la entrega de candidatos, Reduciendo el tiempo y los recursos invertidos en la b\u00fasqueda de talento.<\/p>\n\n\n\n<p class=\"has-white-color has-text-color has-background\" style=\"background-color:#204641\"><strong>Visibilidad del mercado laboral:<\/strong> Proporcionamos visibilidad del mercado laboral seg\u00fan la industria, ubicaci\u00f3n y rol espec\u00edfico de cada cliente. En b\u00fasqueda de mantenerte informado sobre las tendencias y oportunidades del mercado laboral, lo que permite tomar decisiones estrat\u00e9gicas y proactivas en tu proceso de contrataci\u00f3n.<\/p>\n\n\n\n<p class=\"has-text-color\" style=\"color:#ffbf00\"><a href=\"https:\/\/talentovit.mx\/contacto\"><strong>Habla con un experto<\/strong><\/a><\/p>\n<\/div>\n<\/div>\n\n\n\n<div class=\"wp-block-columns is-layout-flex wp-container-core-columns-is-layout-9d6595d7 wp-block-columns-is-layout-flex\">\n<div class=\"wp-block-column is-layout-flow wp-block-column-is-layout-flow\">\n<p class=\"has-text-color\" style=\"color:#ffbf00;font-size:25px\"><strong>Beneficios de nuestro servicio<\/strong><\/p>\n\n\n\n<p class=\"has-white-color has-text-color has-normal-font-size\">\u00b0 <strong>Precios competitivos<\/strong><\/p>\n\n\n\n<p class=\"has-white-color has-text-color has-normal-font-size\">\u00b0 <strong>Trato cercano y humano<\/strong><\/p>\n\n\n\n<p class=\"has-white-color has-text-color\">\u00b0 <strong>Certeza de trabajar con una empresa seria y profesional<\/strong><\/p>\n\n\n\n<p class=\"has-white-color has-text-color\">\u00b0 <strong>Acompa\u00f1amiento personalizado<\/strong><\/p>\n\n\n\n<p class=\"has-white-color has-text-color\">\u00b0 <strong>Visibilidad del mercado laboral<\/strong><\/p>\n<\/div>\n\n\n\n<div class=\"wp-block-column is-layout-flow wp-block-column-is-layout-flow\">\n<figure class=\"wp-block-gallery has-nested-images columns-default is-cropped wp-block-gallery-1 is-layout-flex wp-block-gallery-is-layout-flex\">\n<figure class=\"wp-block-image size-large\"><img loading=\"lazy\" decoding=\"async\" width=\"1024\" height=\"1024\" data-id=\"392\" src=\"https:\/\/talentovit.mx\/Blog\/wp-content\/uploads\/2024\/06\/TALENTO-VIT-7-1024x1024.png\" alt=\"\" class=\"wp-image-392\" srcset=\"https:\/\/talentovit.mx\/Blog\/wp-content\/uploads\/2024\/06\/TALENTO-VIT-7-1024x1024.png 1024w, https:\/\/talentovit.mx\/Blog\/wp-content\/uploads\/2024\/06\/TALENTO-VIT-7-300x300.png 300w, https:\/\/talentovit.mx\/Blog\/wp-content\/uploads\/2024\/06\/TALENTO-VIT-7-150x150.png 150w, https:\/\/talentovit.mx\/Blog\/wp-content\/uploads\/2024\/06\/TALENTO-VIT-7-768x768.png 768w, https:\/\/talentovit.mx\/Blog\/wp-content\/uploads\/2024\/06\/TALENTO-VIT-7-666x666.png 666w, https:\/\/talentovit.mx\/Blog\/wp-content\/uploads\/2024\/06\/TALENTO-VIT-7-96x96.png 96w, https:\/\/talentovit.mx\/Blog\/wp-content\/uploads\/2024\/06\/TALENTO-VIT-7.png 1080w\" sizes=\"auto, (max-width: 1024px) 100vw, 1024px\" \/><\/figure>\n<\/figure>\n<\/div>\n<\/div>\n\n\n\n<div class=\"wp-block-group alignfull has-tertiary-background-color has-background\"><div class=\"wp-block-group__inner-container is-layout-flow wp-block-group-is-layout-flow\">\n<h2 class=\"wp-block-heading has-text-align-center has-text-color has-background\" style=\"color:#ffbf00;background-color:#204641\">\u00bfEst\u00e1s listo para encontrar el mejor talento?<\/h2>\n\n\n\n<div class=\"wp-block-button has-custom-width wp-block-button__width-25 is-style-outline aligncenter is-style-outline--2\"><a class=\"wp-block-button__link has-black-color has-text-color has-background wp-element-button\" href=\"https:\/\/talentovit.mx\/SolucionesDeTalentoEspecializadas\" style=\"border-radius:96px;background-color:#ffbf00\" target=\"_blank\" rel=\"noreferrer noopener\">Programar una cita<\/a><\/div>\n<\/div><\/div>\n","protected":false},"excerpt":{"rendered":"<p>Bienvenido a la evoluci\u00f3n de tu organizaci\u00f3n a trav\u00e9s del talento La clave del \u00e9xito radica en contar con el talento adecuado. En VIT, adem\u00e1s de entender la importancia del talento, lo convertimos en el motor que impulsa el crecimiento de tu empresa. Con m\u00e1s de una d\u00e9cada marcando el<\/p>\n<p><span class=\"more-link\"><a href=\"https:\/\/talentovit.mx\/Blog\/services\/\" class=\"readmore\">Seguir leyendo<span class=\"screen-reader-text\">Conoce Talento VIT<\/span><\/a><\/span><\/p>\n","protected":false},"author":1,"featured_media":0,"parent":0,"menu_order":0,"comment_status":"closed","ping_status":"closed","template":"","meta":{"footnotes":""},"class_list":["post-18","page","type-page","status-publish","hentry"],"yoast_head":"<!-- This site is optimized with the Yoast SEO plugin v27.4 - https:\/\/yoast.com\/product\/yoast-seo-wordpress\/ -->\n<title>Conoce Talento VIT - Talento VIT<\/title>\n<meta name=\"description\" content=\"Visita nuestra p\u00e1gina Conoce Talento VIT - Talento VIT\" \/>\n<meta name=\"robots\" content=\"index, follow, max-snippet:-1, max-image-preview:large, max-video-preview:-1\" \/>\n<link rel=\"canonical\" href=\"https:\/\/talentovit.mx\/Blog\/services\/\" \/>\n<meta property=\"og:locale\" content=\"es_ES\" \/>\n<meta property=\"og:type\" content=\"article\" \/>\n<meta property=\"og:title\" content=\"Conoce Talento VIT - Talento VIT\" \/>\n<meta property=\"og:description\" content=\"Visita nuestra p\u00e1gina Conoce Talento VIT - Talento VIT\" \/>\n<meta property=\"og:url\" content=\"https:\/\/talentovit.mx\/Blog\/services\/\" \/>\n<meta property=\"og:site_name\" content=\"Talento VIT\" \/>\n<meta property=\"article:modified_time\" content=\"2024-09-25T18:52:10+00:00\" \/>\n<meta property=\"og:image\" content=\"https:\/\/talentovit.mx\/Blog\/wp-content\/uploads\/2024\/06\/TALENTO-VIT-7-1024x1024.png\" \/>\n<meta name=\"twitter:card\" content=\"summary_large_image\" \/>\n<meta name=\"twitter:label1\" content=\"Tiempo de lectura\" \/>\n\t<meta name=\"twitter:data1\" content=\"2 minutos\" \/>\n<script type=\"application\/ld+json\" class=\"yoast-schema-graph\">{\"@context\":\"https:\\\/\\\/schema.org\",\"@graph\":[{\"@type\":\"WebPage\",\"@id\":\"https:\\\/\\\/talentovit.mx\\\/Blog\\\/services\\\/\",\"url\":\"https:\\\/\\\/talentovit.mx\\\/Blog\\\/services\\\/\",\"name\":\"Conoce Talento VIT - Talento VIT\",\"isPartOf\":{\"@id\":\"https:\\\/\\\/talentovit.mx\\\/Blog\\\/#website\"},\"primaryImageOfPage\":{\"@id\":\"https:\\\/\\\/talentovit.mx\\\/Blog\\\/services\\\/#primaryimage\"},\"image\":{\"@id\":\"https:\\\/\\\/talentovit.mx\\\/Blog\\\/services\\\/#primaryimage\"},\"thumbnailUrl\":\"https:\\\/\\\/talentovit.mx\\\/Blog\\\/wp-content\\\/uploads\\\/2024\\\/06\\\/TALENTO-VIT-7-1024x1024.png\",\"datePublished\":\"2020-07-15T16:23:31+00:00\",\"dateModified\":\"2024-09-25T18:52:10+00:00\",\"description\":\"Visita nuestra p\u00e1gina Conoce Talento VIT - Talento VIT\",\"breadcrumb\":{\"@id\":\"https:\\\/\\\/talentovit.mx\\\/Blog\\\/services\\\/#breadcrumb\"},\"inLanguage\":\"es\",\"potentialAction\":[{\"@type\":\"ReadAction\",\"target\":[\"https:\\\/\\\/talentovit.mx\\\/Blog\\\/services\\\/\"]}]},{\"@type\":\"ImageObject\",\"inLanguage\":\"es\",\"@id\":\"https:\\\/\\\/talentovit.mx\\\/Blog\\\/services\\\/#primaryimage\",\"url\":\"https:\\\/\\\/talentovit.mx\\\/Blog\\\/wp-content\\\/uploads\\\/2024\\\/06\\\/TALENTO-VIT-7.png\",\"contentUrl\":\"https:\\\/\\\/talentovit.mx\\\/Blog\\\/wp-content\\\/uploads\\\/2024\\\/06\\\/TALENTO-VIT-7.png\",\"width\":1080,\"height\":1080},{\"@type\":\"BreadcrumbList\",\"@id\":\"https:\\\/\\\/talentovit.mx\\\/Blog\\\/services\\\/#breadcrumb\",\"itemListElement\":[{\"@type\":\"ListItem\",\"position\":1,\"name\":\"Portada\",\"item\":\"https:\\\/\\\/talentovit.mx\\\/Blog\\\/\"},{\"@type\":\"ListItem\",\"position\":2,\"name\":\"Conoce Talento VIT\"}]},{\"@type\":\"WebSite\",\"@id\":\"https:\\\/\\\/talentovit.mx\\\/Blog\\\/#website\",\"url\":\"https:\\\/\\\/talentovit.mx\\\/Blog\\\/\",\"name\":\"Talento VIT\",\"description\":\"\",\"publisher\":{\"@id\":\"https:\\\/\\\/talentovit.mx\\\/Blog\\\/#organization\"},\"potentialAction\":[{\"@type\":\"SearchAction\",\"target\":{\"@type\":\"EntryPoint\",\"urlTemplate\":\"https:\\\/\\\/talentovit.mx\\\/Blog\\\/?s={search_term_string}\"},\"query-input\":{\"@type\":\"PropertyValueSpecification\",\"valueRequired\":true,\"valueName\":\"search_term_string\"}}],\"inLanguage\":\"es\"},{\"@type\":\"Organization\",\"@id\":\"https:\\\/\\\/talentovit.mx\\\/Blog\\\/#organization\",\"name\":\"Talento VIT\",\"url\":\"https:\\\/\\\/talentovit.mx\\\/Blog\\\/\",\"logo\":{\"@type\":\"ImageObject\",\"inLanguage\":\"es\",\"@id\":\"https:\\\/\\\/talentovit.mx\\\/Blog\\\/#\\\/schema\\\/logo\\\/image\\\/\",\"url\":\"https:\\\/\\\/talentovit.mx\\\/Blog\\\/wp-content\\\/uploads\\\/2020\\\/07\\\/02.png\",\"contentUrl\":\"https:\\\/\\\/talentovit.mx\\\/Blog\\\/wp-content\\\/uploads\\\/2020\\\/07\\\/02.png\",\"width\":1261,\"height\":2172,\"caption\":\"Talento VIT\"},\"image\":{\"@id\":\"https:\\\/\\\/talentovit.mx\\\/Blog\\\/#\\\/schema\\\/logo\\\/image\\\/\"}}]}<\/script>\n<!-- \/ Yoast SEO plugin. -->","yoast_head_json":{"title":"Conoce Talento VIT - Talento VIT","description":"Visita nuestra p\u00e1gina Conoce Talento VIT - Talento VIT","robots":{"index":"index","follow":"follow","max-snippet":"max-snippet:-1","max-image-preview":"max-image-preview:large","max-video-preview":"max-video-preview:-1"},"canonical":"https:\/\/talentovit.mx\/Blog\/services\/","og_locale":"es_ES","og_type":"article","og_title":"Conoce Talento VIT - Talento VIT","og_description":"Visita nuestra p\u00e1gina Conoce Talento VIT - Talento VIT","og_url":"https:\/\/talentovit.mx\/Blog\/services\/","og_site_name":"Talento VIT","article_modified_time":"2024-09-25T18:52:10+00:00","og_image":[{"url":"https:\/\/talentovit.mx\/Blog\/wp-content\/uploads\/2024\/06\/TALENTO-VIT-7-1024x1024.png","type":"","width":"","height":""}],"twitter_card":"summary_large_image","twitter_misc":{"Tiempo de lectura":"2 minutos"},"schema":{"@context":"https:\/\/schema.org","@graph":[{"@type":"WebPage","@id":"https:\/\/talentovit.mx\/Blog\/services\/","url":"https:\/\/talentovit.mx\/Blog\/services\/","name":"Conoce Talento VIT - Talento VIT","isPartOf":{"@id":"https:\/\/talentovit.mx\/Blog\/#website"},"primaryImageOfPage":{"@id":"https:\/\/talentovit.mx\/Blog\/services\/#primaryimage"},"image":{"@id":"https:\/\/talentovit.mx\/Blog\/services\/#primaryimage"},"thumbnailUrl":"https:\/\/talentovit.mx\/Blog\/wp-content\/uploads\/2024\/06\/TALENTO-VIT-7-1024x1024.png","datePublished":"2020-07-15T16:23:31+00:00","dateModified":"2024-09-25T18:52:10+00:00","description":"Visita nuestra p\u00e1gina Conoce Talento VIT - Talento VIT","breadcrumb":{"@id":"https:\/\/talentovit.mx\/Blog\/services\/#breadcrumb"},"inLanguage":"es","potentialAction":[{"@type":"ReadAction","target":["https:\/\/talentovit.mx\/Blog\/services\/"]}]},{"@type":"ImageObject","inLanguage":"es","@id":"https:\/\/talentovit.mx\/Blog\/services\/#primaryimage","url":"https:\/\/talentovit.mx\/Blog\/wp-content\/uploads\/2024\/06\/TALENTO-VIT-7.png","contentUrl":"https:\/\/talentovit.mx\/Blog\/wp-content\/uploads\/2024\/06\/TALENTO-VIT-7.png","width":1080,"height":1080},{"@type":"BreadcrumbList","@id":"https:\/\/talentovit.mx\/Blog\/services\/#breadcrumb","itemListElement":[{"@type":"ListItem","position":1,"name":"Portada","item":"https:\/\/talentovit.mx\/Blog\/"},{"@type":"ListItem","position":2,"name":"Conoce Talento VIT"}]},{"@type":"WebSite","@id":"https:\/\/talentovit.mx\/Blog\/#website","url":"https:\/\/talentovit.mx\/Blog\/","name":"Talento VIT","description":"","publisher":{"@id":"https:\/\/talentovit.mx\/Blog\/#organization"},"potentialAction":[{"@type":"SearchAction","target":{"@type":"EntryPoint","urlTemplate":"https:\/\/talentovit.mx\/Blog\/?s={search_term_string}"},"query-input":{"@type":"PropertyValueSpecification","valueRequired":true,"valueName":"search_term_string"}}],"inLanguage":"es"},{"@type":"Organization","@id":"https:\/\/talentovit.mx\/Blog\/#organization","name":"Talento VIT","url":"https:\/\/talentovit.mx\/Blog\/","logo":{"@type":"ImageObject","inLanguage":"es","@id":"https:\/\/talentovit.mx\/Blog\/#\/schema\/logo\/image\/","url":"https:\/\/talentovit.mx\/Blog\/wp-content\/uploads\/2020\/07\/02.png","contentUrl":"https:\/\/talentovit.mx\/Blog\/wp-content\/uploads\/2020\/07\/02.png","width":1261,"height":2172,"caption":"Talento VIT"},"image":{"@id":"https:\/\/talentovit.mx\/Blog\/#\/schema\/logo\/image\/"}}]}},"_links":{"self":[{"href":"https:\/\/talentovit.mx\/Blog\/wp-json\/wp\/v2\/pages\/18","targetHints":{"allow":["GET"]}}],"collection":[{"href":"https:\/\/talentovit.mx\/Blog\/wp-json\/wp\/v2\/pages"}],"about":[{"href":"https:\/\/talentovit.mx\/Blog\/wp-json\/wp\/v2\/types\/page"}],"author":[{"embeddable":true,"href":"https:\/\/talentovit.mx\/Blog\/wp-json\/wp\/v2\/users\/1"}],"replies":[{"embeddable":true,"href":"https:\/\/talentovit.mx\/Blog\/wp-json\/wp\/v2\/comments?post=18"}],"version-history":[{"count":14,"href":"https:\/\/talentovit.mx\/Blog\/wp-json\/wp\/v2\/pages\/18\/revisions"}],"predecessor-version":[{"id":439,"href":"https:\/\/talentovit.mx\/Blog\/wp-json\/wp\/v2\/pages\/18\/revisions\/439"}],"wp:attachment":[{"href":"https:\/\/talentovit.mx\/Blog\/wp-json\/wp\/v2\/media?parent=18"}],"curies":[{"name":"wp","href":"https:\/\/api.w.org\/{rel}","templated":true}]}}